{"id":9,"date":"2011-09-23T05:05:35","date_gmt":"2011-09-23T04:05:35","guid":{"rendered":"http:\/\/www.naturkosmetik-goerlitz.de\/?page_id=9"},"modified":"2014-06-17T15:33:43","modified_gmt":"2014-06-17T14:33:43","slug":"dienstleistungen","status":"publish","type":"page","link":"https:\/\/www.naturkosmetik-goerlitz.de\/?page_id=9","title":{"rendered":"Dienstleistungen"},"content":{"rendered":"<p>Hier finden Sie die von mir momentan angebotenen Dienstleistungen. Nat\u00fcrlich berate ich Sie auch gern.<\/p>\n<ul>\n<li>Edelsteinmassage f\u00fcr Gesicht, Nacken, Dekollet\u00e9<\/li>\n<li>Klangschalenmassage<\/li>\n<li>Exclusivbehandlung\u00a0 Edelsteinharmonie<\/li>\n<li>Naturkosmetische Behandlungen mit <a title=\"Martina Gebhardt\" href=\"http:\/\/www.martina-gebhardt-naturkosmetik.de\/\" target=\"_self\">Martina Gebhardt Naturkosmetik<\/a><\/li>\n<li>Lomi Lomi Nui- hawaiianische Tempeltanzmassage &#8211; Die K\u00f6nigin unter den Massagen<\/li>\n<li>R\u00fcckenpflege komplett &#8211; die beliebte Behandlung f\u00fcr M\u00e4nner<\/li>\n<li>R\u00fccken spezial -R\u00fcckenmassage mit hei\u00dfen Kr\u00e4uterstempeln<\/li>\n<li>Zitronenstempelmassage -entgiftend, entschlackend, st\u00e4rkt das Bindegewebe<\/li>\n<\/ul>\n<p>Auf den weiter f\u00fchrenden Seiten werden die einzelnen Behandlungen ausf\u00fchrlich beschrieben.<\/p>","protected":false},"excerpt":{"rendered":"<p>Hier finden Sie die von mir momentan angebotenen Dienstleistungen. Nat\u00fcrlich berate ich Sie auch gern. Edelsteinmassage f\u00fcr Gesicht, Nacken, Dekollet\u00e9 Klangschalenmassage Exclusivbehandlung\u00a0 Edelsteinharmonie Naturkosmetische Behandlungen mit Martina Gebhardt Naturkosmetik Lomi Lomi Nui- hawaiianische Tempeltanzmassage &#8211; Die K\u00f6nigin unter den Massagen R\u00fcckenpflege komplett &#8211; die beliebte Behandlung f\u00fcr M\u00e4nner R\u00fccken spezial -R\u00fcckenmassage mit hei\u00dfen Kr\u00e4uterstempeln Zitronenstempelmassage <a href=\"https:\/\/www.naturkosmetik-goerlitz.de\/?page_id=9\">Continue reading &#8594;<\/a><\/p>\n","protected":false},"author":3,"featured_media":0,"parent":0,"menu_order":1,"comment_status":"closed","ping_status":"closed","template":"","meta":{"footnotes":""},"class_list":["post-9","page","type-page","status-publish","hentry"],"_links":{"self":[{"href":"https:\/\/www.naturkosmetik-goerlitz.de\/index.php?rest_route=\/wp\/v2\/pages\/9","targetHints":{"allow":["GET"]}}],"collection":[{"href":"https:\/\/www.naturkosmetik-goerlitz.de\/index.php?rest_route=\/wp\/v2\/pages"}],"about":[{"href":"https:\/\/www.naturkosmetik-goerlitz.de\/index.php?rest_route=\/wp\/v2\/types\/page"}],"author":[{"embeddable":true,"href":"https:\/\/www.naturkosmetik-goerlitz.de\/index.php?rest_route=\/wp\/v2\/users\/3"}],"replies":[{"embeddable":true,"href":"https:\/\/www.naturkosmetik-goerlitz.de\/index.php?rest_route=%2Fwp%2Fv2%2Fcomments&post=9"}],"version-history":[{"count":9,"href":"https:\/\/www.naturkosmetik-goerlitz.de\/index.php?rest_route=\/wp\/v2\/pages\/9\/revisions"}],"predecessor-version":[{"id":317,"href":"https:\/\/www.naturkosmetik-goerlitz.de\/index.php?rest_route=\/wp\/v2\/pages\/9\/revisions\/317"}],"wp:attachment":[{"href":"https:\/\/www.naturkosmetik-goerlitz.de\/index.php?rest_route=%2Fwp%2Fv2%2Fmedia&parent=9"}],"curies":[{"name":"wp","href":"https:\/\/api.w.org\/{rel}","templated":true}]}}