{"id":7,"date":"2011-09-23T05:04:55","date_gmt":"2011-09-23T04:04:55","guid":{"rendered":"http:\/\/www.naturkosmetik-goerlitz.de\/?page_id=7"},"modified":"2015-05-10T11:10:56","modified_gmt":"2015-05-10T10:10:56","slug":"uber-mich","status":"publish","type":"page","link":"https:\/\/www.naturkosmetik-goerlitz.de\/?page_id=7","title":{"rendered":"\u00dcber mich"},"content":{"rendered":"<p><a href=\"https:\/\/www.naturkosmetik-goerlitz.de\/?attachment_id=78\" rel=\"attachment wp-att-78\"><img loading=\"lazy\" decoding=\"async\" class=\"size-medium wp-image-78 alignleft\" style=\"margin-right: 10px;\" title=\"Foto-Studio-3\" src=\"https:\/\/www.naturkosmetik-goerlitz.de\/wp-content\/uploads\/Foto-Studio-3-267x300.jpg\" alt=\"\" width=\"169\" height=\"187\" align=\"left\" hspace=\"10\" \/><\/a>Ich bin Wellness- und Naturkosmetikerin, meinen Beruf habe ich an der Heilpraktikerschule gelernt.Aus dementsprechender Sicht sehe ich die Kosmetikbehandlungen und Massageanwendungen. Das hei\u00dft, Sch\u00f6nheit geht nur mit Gesundheit einher. Unsere Haut ist ein \u00e4u\u00dferst sensibles, lebendiges Organ und hat die Aufgabe, uns zu sch\u00fctzen und abzugrenzen, Sinneseindr\u00fccke wahrzunehmen und zwischen innen und au\u00dfen zu vermitteln.<br \/>\nZiel der Naturkosmetik ist es, die Selbstregulation der Haut zu unterst\u00fctzen, auszugleichen und zu harmonisieren. So k\u00f6nnen wir der Haut helfen, gesund, strahlend und sch\u00f6n zu sein. Bei einer ganzheitlichen Betrachtung beachte ich ebenso Faktoren wie Ern\u00e4hrung und Mineralstoffbedarf, seelische Gesundheit, Stre\u00df und Anspannung im Alltag. All dies hat einen wichtigen Einflu\u00df auf unser inneres und \u00e4u\u00dferes Wohlbefinden.<\/p>\n<p>Das Wirkstoffsystem im Baukasten von Martina Gebhardt Naturkosmetik erlaubt es mir, die Produkte individuell zu jeder Behandlung zu mischen. Somit kann ich stets auf die jeweiligen Hautbed\u00fcrfnisse eingehen und die hochwertigen Wirkstoffevon Mutter Natur optimal einsetzen. Spagyrische Essenzen, hochwertige Samen\u00f6le, Pflanzenhydrolate, \u00e4therische \u00d6le, Extrakte aus Fr\u00fcchten, Wurzeln oder der ganzen Pflanze schenken eine gesunde Haut und nat\u00fcrlich frische Ausstrahlung!<br \/>\n<a href=\"http:\/\/www.martina-gebhardt-naturkosmetik.de\/de\/home\/\" target=\"_blank\"><img loading=\"lazy\" decoding=\"async\" class=\"alignnone size-full wp-image-109\" title=\"Martina Gebhardt Naturkosmetik\" src=\"https:\/\/www.naturkosmetik-goerlitz.de\/wp-content\/uploads\/gebhard.png\" alt=\"\" width=\"180\" height=\"69\" \/><\/a><\/p>\n<p>&#8220;Sinn und Sinnlichkeit verbinden&#8221;<br \/>\n&#8220;Das Wesentliche finden&#8221;<\/p>\n<p>&#8220;Durch das sinnliche Erleben \u00f6ffnen wir uns. Muskeln, Gewebe und Zellen entspannen sich und wir f\u00fchlen uns wohl in unserer Haut. Die Energie flie\u00dft wieder und unsere vitale Ausstrahlung nimmt zu. Wir f\u00fchlen uns sch\u00f6n &#8211; wir sind sch\u00f6n!&#8221;<br \/>\n(Martina Gebhardt, Februar 2008)<\/p>\n<p>Zur Erhaltung der Gesundheit und Leistungsf\u00e4higkeit des ganzen K\u00f6rpers tragen Massageanwendungen in hohem Ma\u00dfe bei. Sie unterst\u00fctzen immer das Harmoniebestreben des K\u00f6rpers und beg\u00fcnstigen damit in hohem Ma\u00dfe die Selbstheilungskr\u00e4fte.<\/p>\n<p>Ich freue mich auf Ihren Besuch<\/p>","protected":false},"excerpt":{"rendered":"<p>Ich bin Wellness- und Naturkosmetikerin, meinen Beruf habe ich an der Heilpraktikerschule gelernt.Aus dementsprechender Sicht sehe ich die Kosmetikbehandlungen und Massageanwendungen. Das hei\u00dft, Sch\u00f6nheit geht nur mit Gesundheit einher. Unsere Haut ist ein \u00e4u\u00dferst sensibles, lebendiges Organ und hat die Aufgabe, uns zu sch\u00fctzen und abzugrenzen, Sinneseindr\u00fccke wahrzunehmen und zwischen innen und au\u00dfen zu vermitteln. <a href=\"https:\/\/www.naturkosmetik-goerlitz.de\/?page_id=7\">Continue reading &#8594;<\/a><\/p>\n","protected":false},"author":3,"featured_media":0,"parent":0,"menu_order":3,"comment_status":"closed","ping_status":"closed","template":"","meta":{"footnotes":""},"class_list":["post-7","page","type-page","status-publish","hentry"],"_links":{"self":[{"href":"https:\/\/www.naturkosmetik-goerlitz.de\/index.php?rest_route=\/wp\/v2\/pages\/7","targetHints":{"allow":["GET"]}}],"collection":[{"href":"https:\/\/www.naturkosmetik-goerlitz.de\/index.php?rest_route=\/wp\/v2\/pages"}],"about":[{"href":"https:\/\/www.naturkosmetik-goerlitz.de\/index.php?rest_route=\/wp\/v2\/types\/page"}],"author":[{"embeddable":true,"href":"https:\/\/www.naturkosmetik-goerlitz.de\/index.php?rest_route=\/wp\/v2\/users\/3"}],"replies":[{"embeddable":true,"href":"https:\/\/www.naturkosmetik-goerlitz.de\/index.php?rest_route=%2Fwp%2Fv2%2Fcomments&post=7"}],"version-history":[{"count":21,"href":"https:\/\/www.naturkosmetik-goerlitz.de\/index.php?rest_route=\/wp\/v2\/pages\/7\/revisions"}],"predecessor-version":[{"id":343,"href":"https:\/\/www.naturkosmetik-goerlitz.de\/index.php?rest_route=\/wp\/v2\/pages\/7\/revisions\/343"}],"wp:attachment":[{"href":"https:\/\/www.naturkosmetik-goerlitz.de\/index.php?rest_route=%2Fwp%2Fv2%2Fmedia&parent=7"}],"curies":[{"name":"wp","href":"https:\/\/api.w.org\/{rel}","templated":true}]}}