{"id":470,"date":"2020-07-22T11:41:31","date_gmt":"2020-07-22T10:41:31","guid":{"rendered":"http:\/\/www.naturkosmetik-goerlitz.de\/?page_id=470"},"modified":"2020-11-25T22:42:59","modified_gmt":"2020-11-25T21:42:59","slug":"grueneperlen-shop","status":"publish","type":"page","link":"https:\/\/www.naturkosmetik-goerlitz.de\/?page_id=470","title":{"rendered":"Gr\u00fcnePerlen Shop"},"content":{"rendered":"<p>Wasser &#8211; Quell des Lebens<\/p>\n<p>Reines Wasser ist unser Lebenselixier und ein wichtiger Baustein zur Gesundheitsvorsorge &#8211; zudem schmeckt es k\u00f6stlich. Unserer Hauptlebensgrundlage sollten wir gro\u00dfe Aufmerksamkeit schenken. Im Rahmen einer basischen Ern\u00e4hrung, der Ausleitung von Toxinen und S\u00e4uren aus dem K\u00f6rper sowie Erhaltung und Verbesserung des allgemeinen Wohlbefindens steht f\u00fcr mich das Trinken von reinem, energetisiertem Wasser an erster Stelle. Da ich, wie die meisten Menschen nicht \u00fcber eine Quelle verf\u00fcge, die naturreines Wasser liefert, nutze und empfehle ich eine hochwertige Wasserfilteranlage.<\/p>\n<p>Meine Gesch\u00e4ftspartner von &#8220;Gr\u00fcne Perlen&#8221; verf\u00fcgen \u00fcber eine hohe Kompetenz, Sie fachkundig und umfassend zum Thema Trinkwasser zu beraten.<\/p>\n<p>&#8211; mit herzlicher Empfehlung &#8211;<\/p>\n<p><a href=\"https:\/\/www.grueneperlen.com\/?id=896\" target=\"_blank\" rel=\"noopener noreferrer\">Zum Shop<\/a><\/p>","protected":false},"excerpt":{"rendered":"<p>Wasser &#8211; Quell des Lebens Reines Wasser ist unser Lebenselixier und ein wichtiger Baustein zur Gesundheitsvorsorge &#8211; zudem schmeckt es k\u00f6stlich. Unserer Hauptlebensgrundlage sollten wir gro\u00dfe Aufmerksamkeit schenken. Im Rahmen einer basischen Ern\u00e4hrung, der Ausleitung von Toxinen und S\u00e4uren aus dem K\u00f6rper sowie Erhaltung und Verbesserung des allgemeinen Wohlbefindens steht f\u00fcr mich das Trinken von <a href=\"https:\/\/www.naturkosmetik-goerlitz.de\/?page_id=470\">Continue reading &#8594;<\/a><\/p>\n","protected":false},"author":4,"featured_media":0,"parent":0,"menu_order":0,"comment_status":"closed","ping_status":"closed","template":"","meta":{"footnotes":""},"class_list":["post-470","page","type-page","status-publish","hentry"],"_links":{"self":[{"href":"https:\/\/www.naturkosmetik-goerlitz.de\/index.php?rest_route=\/wp\/v2\/pages\/470","targetHints":{"allow":["GET"]}}],"collection":[{"href":"https:\/\/www.naturkosmetik-goerlitz.de\/index.php?rest_route=\/wp\/v2\/pages"}],"about":[{"href":"https:\/\/www.naturkosmetik-goerlitz.de\/index.php?rest_route=\/wp\/v2\/types\/page"}],"author":[{"embeddable":true,"href":"https:\/\/www.naturkosmetik-goerlitz.de\/index.php?rest_route=\/wp\/v2\/users\/4"}],"replies":[{"embeddable":true,"href":"https:\/\/www.naturkosmetik-goerlitz.de\/index.php?rest_route=%2Fwp%2Fv2%2Fcomments&post=470"}],"version-history":[{"count":5,"href":"https:\/\/www.naturkosmetik-goerlitz.de\/index.php?rest_route=\/wp\/v2\/pages\/470\/revisions"}],"predecessor-version":[{"id":484,"href":"https:\/\/www.naturkosmetik-goerlitz.de\/index.php?rest_route=\/wp\/v2\/pages\/470\/revisions\/484"}],"wp:attachment":[{"href":"https:\/\/www.naturkosmetik-goerlitz.de\/index.php?rest_route=%2Fwp%2Fv2%2Fmedia&parent=470"}],"curies":[{"name":"wp","href":"https:\/\/api.w.org\/{rel}","templated":true}]}}