{"id":276,"date":"2014-05-18T12:35:04","date_gmt":"2014-05-18T11:35:04","guid":{"rendered":"http:\/\/www.naturkosmetik-goerlitz.de\/?page_id=276"},"modified":"2014-05-18T13:21:38","modified_gmt":"2014-05-18T12:21:38","slug":"basische-anwendungen-nach-p-jentschura","status":"publish","type":"page","link":"https:\/\/www.naturkosmetik-goerlitz.de\/?page_id=276","title":{"rendered":"Basische Anwendungen nach P. Jentschura"},"content":{"rendered":"<p>f\u00f6rdern in besonderem Ma\u00dfe die Regeneration und die innere Ausgeglichenheit. Sie harmonisieren die S\u00e4ure-Basen-Balance und tragen sehr wesentlich zur Entschlackung und Entgiftung unseres K\u00f6rpers bei.<\/p>\n<p>Die Behandlungen l\u00f6sen Verspannungen und Gewebeverklebungen &#8211; sogenannte Gelosen- , f\u00fchren zu verbesserter Durchblutung und Lympht\u00e4tigkeit.<\/p>\n<p>F\u00fcr eine Haut wie Samt und Seide<\/p>\n<p>tauchen Sie ein in die Wohlf\u00fchlwelt der basischen K\u00f6rperpflege !<\/p>\n<p>&nbsp;<\/p>\n<p><strong>Salz-Honig-Massage f\u00fcr den R\u00fccken mit anschlie\u00dfender warmer Moorpackung<\/strong><\/p>\n<p>Honig, das fl\u00fcssige Gold wird schon seit langem zur umfassenden Entgiftung des Organismus \u00fcber die Haut genutzt. Die Honigmassage hat ihren Ursprung in der russischen und tibetischen Naturheilkunde. Mit gro\u00dfem Erfolg wird sie angewendet, um tieferliegende Gewebeverschlackungen auszuleiten und den Stoffwechsel anzuregen, mehr Sauerstoff und N\u00e4hrstoffe gelangen somit in die Zellen. Auf reflektorischem Wege wird die Lebensenergie &#8211; das Chi- wieder zum Flie\u00dfen gebracht um das Organorchester harmonisch miteinander spielen zu lassen &#8211; f\u00fcr mehr Freude und Leichtigkeit.<\/p>\n<p>ca. 30 min.<\/p>\n<p>&nbsp;<\/p>\n<p><strong>Basenjuwel &#8211; Massage<\/strong><\/p>\n<p>Harmonisiert die S\u00e4ure-Basen-Balance, st\u00e4rkt den Hautstoffwechel und optimiert die Selbstfettung der Haut.<\/p>\n<p>Einstimmend wird der ganze K\u00f6rper mit dem Garshan Seidenhandschuh stimuliert und vorbereitet auf die nun folgende sanfte, doch intensive Massage des ganzen K\u00f6rpers mit einer wohltuenden Mischung aus MeineBase, einem basisch-mineralischen K\u00f6rperpflegesalz mit den acht Edelsteinen Bergkristall, Saphir, Karneol, Achat, Chalcedon,Chrysopas, Citrin und Onyx ; warmen Sesam-, Mandel- und Macadamianuss\u00f6l sowie der Essenz sonnengereifter Zitronen.<\/p>\n<p>F\u00fcr tiefe Entspannung sorgen ein anschlie\u00dfender basischer K\u00f6rperwickel sowie eine verw\u00f6hnende Gesichtsmassage. Die angenehm warmen Wickel f\u00fcr K\u00f6rper und Beine im basischen ph-Wert von 8 bis 8,5 verst\u00e4rken die Ausscheidung der bei der Massage gel\u00f6sten Schlackenstoffe \u00fcber die Haut &#8211; f\u00fcr eine lang anhaltende Frische und Leichtigkeit &#8211; .<\/p>\n<p>Ein Erlebnis, welches die positive Wirkung auf die Gesundheit mit einem Fest f\u00fcr die Sinne verein.<\/p>\n<p>ca. 90 min., auch ohne basischen Wickel f\u00fcr 60 min. buchbar<\/p>\n<p>&nbsp;<\/p>\n<p>&nbsp;<\/p>\n<p><strong>Hot Spot R\u00fcckenbehandlung<\/strong><\/p>\n<p>Eine Schr\u00f6pfmassage bringt Schwung in das Gewebe , sie l\u00f6st Verspannungen und Verklebungen mit Tiefenwirkung. Die anschlie\u00dfend aufgelegte Packung mit Cayennepfeffer, Algen, Ro\u00dfkastanie, Salbei sowie ein basischer Wickel f\u00fcr K\u00f6rper und Beine sorgen f\u00fcr ein wohliges, warmes K\u00f6rpergef\u00fchl.<\/p>\n<p>ca. 45 min.<\/p>\n<p>&nbsp;<\/p>\n<p>&nbsp;<\/p>\n<p>&nbsp;<\/p>","protected":false},"excerpt":{"rendered":"<p>f\u00f6rdern in besonderem Ma\u00dfe die Regeneration und die innere Ausgeglichenheit. Sie harmonisieren die S\u00e4ure-Basen-Balance und tragen sehr wesentlich zur Entschlackung und Entgiftung unseres K\u00f6rpers bei. Die Behandlungen l\u00f6sen Verspannungen und Gewebeverklebungen &#8211; sogenannte Gelosen- , f\u00fchren zu verbesserter Durchblutung und Lympht\u00e4tigkeit. F\u00fcr eine Haut wie Samt und Seide tauchen Sie ein in die Wohlf\u00fchlwelt der <a href=\"https:\/\/www.naturkosmetik-goerlitz.de\/?page_id=276\">Continue reading &#8594;<\/a><\/p>\n","protected":false},"author":2,"featured_media":0,"parent":9,"menu_order":0,"comment_status":"closed","ping_status":"closed","template":"","meta":{"footnotes":""},"class_list":["post-276","page","type-page","status-publish","hentry"],"_links":{"self":[{"href":"https:\/\/www.naturkosmetik-goerlitz.de\/index.php?rest_route=\/wp\/v2\/pages\/276","targetHints":{"allow":["GET"]}}],"collection":[{"href":"https:\/\/www.naturkosmetik-goerlitz.de\/index.php?rest_route=\/wp\/v2\/pages"}],"about":[{"href":"https:\/\/www.naturkosmetik-goerlitz.de\/index.php?rest_route=\/wp\/v2\/types\/page"}],"author":[{"embeddable":true,"href":"https:\/\/www.naturkosmetik-goerlitz.de\/index.php?rest_route=\/wp\/v2\/users\/2"}],"replies":[{"embeddable":true,"href":"https:\/\/www.naturkosmetik-goerlitz.de\/index.php?rest_route=%2Fwp%2Fv2%2Fcomments&post=276"}],"version-history":[{"count":8,"href":"https:\/\/www.naturkosmetik-goerlitz.de\/index.php?rest_route=\/wp\/v2\/pages\/276\/revisions"}],"predecessor-version":[{"id":285,"href":"https:\/\/www.naturkosmetik-goerlitz.de\/index.php?rest_route=\/wp\/v2\/pages\/276\/revisions\/285"}],"up":[{"embeddable":true,"href":"https:\/\/www.naturkosmetik-goerlitz.de\/index.php?rest_route=\/wp\/v2\/pages\/9"}],"wp:attachment":[{"href":"https:\/\/www.naturkosmetik-goerlitz.de\/index.php?rest_route=%2Fwp%2Fv2%2Fmedia&parent=276"}],"curies":[{"name":"wp","href":"https:\/\/api.w.org\/{rel}","templated":true}]}}