{"id":22,"date":"2011-09-23T05:08:37","date_gmt":"2011-09-23T04:08:37","guid":{"rendered":"http:\/\/www.naturkosmetik-goerlitz.de\/?page_id=22"},"modified":"2014-06-17T15:35:06","modified_gmt":"2014-06-17T14:35:06","slug":"ruckenmassage","status":"publish","type":"page","link":"https:\/\/www.naturkosmetik-goerlitz.de\/?page_id=22","title":{"rendered":"R\u00fcckenmassage"},"content":{"rendered":"<p><strong>R\u00fccken spezial -R\u00fcckenmassage mit hei\u00dfen Kr\u00e4uterstempeln<\/strong>.<\/p>\n<p>G\u00f6nnen Sie sich eine besonders angenehme und wohltuende Massage f\u00fcr ihren R\u00fccken, den Nacken, die Schultern und Arme.\u2028Die wunderbar duftenden, hei\u00dfen Stempel mit einer F\u00fcllung aromatischer Kr\u00e4uter wie Minze, Zitronenmelisse, Schafgarbe, Salbei und anderer Kr\u00e4uter der Saison erw\u00e4rmen und lockern die Muskulatur und schenken sofortige Entspannung und Wohlgef\u00fchl. Der Wechsel aus achtsamer Handmassage mit warmen \u00d6l und dem Einsatz der hei\u00dfen Stempel l\u00f6st Verspannungen besonders wirksam.<\/p>\n<p>Dauer 60 min.<\/p>\n<p>&nbsp;<\/p>\n<p><a href=\"https:\/\/www.naturkosmetik-goerlitz.de\/wp-content\/uploads\/35406571\u00a9xs.jpg\" rel=\"lightbox[22]\"><img loading=\"lazy\" decoding=\"async\" class=\"alignright wp-image-311 size-full\" src=\"https:\/\/www.naturkosmetik-goerlitz.de\/wp-content\/uploads\/35406571\u00a9xs.jpg\" alt=\"Mit allen Sinnen genie\u00dfen.\" width=\"350\" height=\"237\" srcset=\"https:\/\/www.naturkosmetik-goerlitz.de\/wp-content\/uploads\/35406571\u00a9xs.jpg 350w, https:\/\/www.naturkosmetik-goerlitz.de\/wp-content\/uploads\/35406571\u00a9xs-300x203.jpg 300w\" sizes=\"auto, (max-width: 350px) 100vw, 350px\" \/><\/a><\/p>","protected":false},"excerpt":{"rendered":"<p>R\u00fccken spezial -R\u00fcckenmassage mit hei\u00dfen Kr\u00e4uterstempeln. G\u00f6nnen Sie sich eine besonders angenehme und wohltuende Massage f\u00fcr ihren R\u00fccken, den Nacken, die Schultern und Arme.\u2028Die wunderbar duftenden, hei\u00dfen Stempel mit einer F\u00fcllung aromatischer Kr\u00e4uter wie Minze, Zitronenmelisse, Schafgarbe, Salbei und anderer Kr\u00e4uter der Saison erw\u00e4rmen und lockern die Muskulatur und schenken sofortige Entspannung und Wohlgef\u00fchl. Der <a href=\"https:\/\/www.naturkosmetik-goerlitz.de\/?page_id=22\">Continue reading &#8594;<\/a><\/p>\n","protected":false},"author":3,"featured_media":0,"parent":9,"menu_order":0,"comment_status":"closed","ping_status":"closed","template":"","meta":{"footnotes":""},"class_list":["post-22","page","type-page","status-publish","hentry"],"_links":{"self":[{"href":"https:\/\/www.naturkosmetik-goerlitz.de\/index.php?rest_route=\/wp\/v2\/pages\/22","targetHints":{"allow":["GET"]}}],"collection":[{"href":"https:\/\/www.naturkosmetik-goerlitz.de\/index.php?rest_route=\/wp\/v2\/pages"}],"about":[{"href":"https:\/\/www.naturkosmetik-goerlitz.de\/index.php?rest_route=\/wp\/v2\/types\/page"}],"author":[{"embeddable":true,"href":"https:\/\/www.naturkosmetik-goerlitz.de\/index.php?rest_route=\/wp\/v2\/users\/3"}],"replies":[{"embeddable":true,"href":"https:\/\/www.naturkosmetik-goerlitz.de\/index.php?rest_route=%2Fwp%2Fv2%2Fcomments&post=22"}],"version-history":[{"count":6,"href":"https:\/\/www.naturkosmetik-goerlitz.de\/index.php?rest_route=\/wp\/v2\/pages\/22\/revisions"}],"predecessor-version":[{"id":319,"href":"https:\/\/www.naturkosmetik-goerlitz.de\/index.php?rest_route=\/wp\/v2\/pages\/22\/revisions\/319"}],"up":[{"embeddable":true,"href":"https:\/\/www.naturkosmetik-goerlitz.de\/index.php?rest_route=\/wp\/v2\/pages\/9"}],"wp:attachment":[{"href":"https:\/\/www.naturkosmetik-goerlitz.de\/index.php?rest_route=%2Fwp%2Fv2%2Fmedia&parent=22"}],"curies":[{"name":"wp","href":"https:\/\/api.w.org\/{rel}","templated":true}]}}