{"id":20,"date":"2011-09-23T05:08:08","date_gmt":"2011-09-23T04:08:08","guid":{"rendered":"http:\/\/www.naturkosmetik-goerlitz.de\/?page_id=20"},"modified":"2014-05-10T16:40:47","modified_gmt":"2014-05-10T15:40:47","slug":"ruckenpflege-komplett","status":"publish","type":"page","link":"https:\/\/www.naturkosmetik-goerlitz.de\/?page_id=20","title":{"rendered":"R\u00fcckenpflege komplett"},"content":{"rendered":"<p><strong>R\u00fcckenpflege komplett \u2013 die beliebte Behandlung f\u00fcr M\u00e4nner<\/strong>.:<\/p>\n<p>Die Pflege beginnt mit einem kr\u00e4ftigen naturkosmetischen Peeling, um die Durchblutung anzuregen und abgestorbene Hautsch\u00fcppchen zu entfernen. Dabei wird die sonst oft vernachl\u00e4ssigte R\u00fcckenhaut gut gen\u00e4hrt. Es folgt eine Heilerdepackung, welche Ihre Haut intensiv reinigt, entgiftet und reguliert. Sie \u00f6ffnet die Poren, so dass anschlie\u00dfend eventuelle Unreinheiten leicht ausgereinigt werden k\u00f6nnen. Entz\u00fcndliche Erscheinungen bringt die Heilerde zum abklingen.\u2028Anschlie\u00dfend massiere ich den R\u00fccken, den Nacken, die Schultern und Arme um die Muskulatur zu lockern und Verspannungen aufzul\u00f6sen.<\/p>\n<p>Dauer 60 min.<\/p>","protected":false},"excerpt":{"rendered":"<p>R\u00fcckenpflege komplett \u2013 die beliebte Behandlung f\u00fcr M\u00e4nner.: Die Pflege beginnt mit einem kr\u00e4ftigen naturkosmetischen Peeling, um die Durchblutung anzuregen und abgestorbene Hautsch\u00fcppchen zu entfernen. Dabei wird die sonst oft vernachl\u00e4ssigte R\u00fcckenhaut gut gen\u00e4hrt. Es folgt eine Heilerdepackung, welche Ihre Haut intensiv reinigt, entgiftet und reguliert. Sie \u00f6ffnet die Poren, so dass anschlie\u00dfend eventuelle Unreinheiten <a href=\"https:\/\/www.naturkosmetik-goerlitz.de\/?page_id=20\">Continue reading &#8594;<\/a><\/p>\n","protected":false},"author":3,"featured_media":0,"parent":9,"menu_order":0,"comment_status":"closed","ping_status":"closed","template":"","meta":{"footnotes":""},"class_list":["post-20","page","type-page","status-publish","hentry"],"_links":{"self":[{"href":"https:\/\/www.naturkosmetik-goerlitz.de\/index.php?rest_route=\/wp\/v2\/pages\/20","targetHints":{"allow":["GET"]}}],"collection":[{"href":"https:\/\/www.naturkosmetik-goerlitz.de\/index.php?rest_route=\/wp\/v2\/pages"}],"about":[{"href":"https:\/\/www.naturkosmetik-goerlitz.de\/index.php?rest_route=\/wp\/v2\/types\/page"}],"author":[{"embeddable":true,"href":"https:\/\/www.naturkosmetik-goerlitz.de\/index.php?rest_route=\/wp\/v2\/users\/3"}],"replies":[{"embeddable":true,"href":"https:\/\/www.naturkosmetik-goerlitz.de\/index.php?rest_route=%2Fwp%2Fv2%2Fcomments&post=20"}],"version-history":[{"count":3,"href":"https:\/\/www.naturkosmetik-goerlitz.de\/index.php?rest_route=\/wp\/v2\/pages\/20\/revisions"}],"predecessor-version":[{"id":244,"href":"https:\/\/www.naturkosmetik-goerlitz.de\/index.php?rest_route=\/wp\/v2\/pages\/20\/revisions\/244"}],"up":[{"embeddable":true,"href":"https:\/\/www.naturkosmetik-goerlitz.de\/index.php?rest_route=\/wp\/v2\/pages\/9"}],"wp:attachment":[{"href":"https:\/\/www.naturkosmetik-goerlitz.de\/index.php?rest_route=%2Fwp%2Fv2%2Fmedia&parent=20"}],"curies":[{"name":"wp","href":"https:\/\/api.w.org\/{rel}","templated":true}]}}