{"id":16,"date":"2011-09-23T05:07:19","date_gmt":"2011-09-23T04:07:19","guid":{"rendered":"http:\/\/www.naturkosmetik-goerlitz.de\/?page_id=16"},"modified":"2014-05-10T16:40:06","modified_gmt":"2014-05-10T15:40:06","slug":"edelsteinmassage","status":"publish","type":"page","link":"https:\/\/www.naturkosmetik-goerlitz.de\/?page_id=16","title":{"rendered":"Edelsteinmassage"},"content":{"rendered":"<p style=\"text-align: left;\"><strong>Das Sch\u00f6ne mit dem Sch\u00f6nen behandeln<\/strong> -Erleben Sie in einer einzigartigen Verbindung von achtsamer Handmassage, sanfter Stimulation mit warmen Edelsteinkugeln und -griffeln sowie Techniken der asiatischen\u00a0\u00a0\u00a0\u00a0\u00a0 Druckpunktmassage die Wirkungen edler Steine. W\u00e4hlen Sie dazu Ihr spezielles Edelstein\u00f6l individuell aus: Hochwertiges Bio-Jojoba\u00f6l mit der Essenz von Edelsteinen und \u00e4therischen \u00d6len. Jeder Heilstein besteht aus unterschiedlichen Mineralstoffen und Spurenelementen und entfaltet somit seine ganz eigene Wirkung.Edelsteine gelten seit jeher als Symbol des Reichtums und der Sch\u00f6nheit, die auch Gl\u00fcck und Gesundheit verhei\u00dfen. Und sie f\u00fchlen sich auf der Haut unheimlich gut an!Die exklusive Massage entspannt und harmonisiert, belebt die Sinne und steigert den Lymphfluss. Sie l\u00e4\u00dft Stre\u00df und Alltagssorgen von Ihnen abfallen \u2013 und schenkt Ihnen daf\u00fcr strahlende Sch\u00f6nheit!<\/p>\n<p style=\"text-align: left;\">Dauer 40 min.<\/p>","protected":false},"excerpt":{"rendered":"<p>Das Sch\u00f6ne mit dem Sch\u00f6nen behandeln -Erleben Sie in einer einzigartigen Verbindung von achtsamer Handmassage, sanfter Stimulation mit warmen Edelsteinkugeln und -griffeln sowie Techniken der asiatischen\u00a0\u00a0\u00a0\u00a0\u00a0 Druckpunktmassage die Wirkungen edler Steine. W\u00e4hlen Sie dazu Ihr spezielles Edelstein\u00f6l individuell aus: Hochwertiges Bio-Jojoba\u00f6l mit der Essenz von Edelsteinen und \u00e4therischen \u00d6len. Jeder Heilstein besteht aus unterschiedlichen Mineralstoffen <a href=\"https:\/\/www.naturkosmetik-goerlitz.de\/?page_id=16\">Continue reading &#8594;<\/a><\/p>\n","protected":false},"author":3,"featured_media":0,"parent":9,"menu_order":0,"comment_status":"closed","ping_status":"closed","template":"","meta":{"footnotes":""},"class_list":["post-16","page","type-page","status-publish","hentry"],"_links":{"self":[{"href":"https:\/\/www.naturkosmetik-goerlitz.de\/index.php?rest_route=\/wp\/v2\/pages\/16","targetHints":{"allow":["GET"]}}],"collection":[{"href":"https:\/\/www.naturkosmetik-goerlitz.de\/index.php?rest_route=\/wp\/v2\/pages"}],"about":[{"href":"https:\/\/www.naturkosmetik-goerlitz.de\/index.php?rest_route=\/wp\/v2\/types\/page"}],"author":[{"embeddable":true,"href":"https:\/\/www.naturkosmetik-goerlitz.de\/index.php?rest_route=\/wp\/v2\/users\/3"}],"replies":[{"embeddable":true,"href":"https:\/\/www.naturkosmetik-goerlitz.de\/index.php?rest_route=%2Fwp%2Fv2%2Fcomments&post=16"}],"version-history":[{"count":5,"href":"https:\/\/www.naturkosmetik-goerlitz.de\/index.php?rest_route=\/wp\/v2\/pages\/16\/revisions"}],"predecessor-version":[{"id":239,"href":"https:\/\/www.naturkosmetik-goerlitz.de\/index.php?rest_route=\/wp\/v2\/pages\/16\/revisions\/239"}],"up":[{"embeddable":true,"href":"https:\/\/www.naturkosmetik-goerlitz.de\/index.php?rest_route=\/wp\/v2\/pages\/9"}],"wp:attachment":[{"href":"https:\/\/www.naturkosmetik-goerlitz.de\/index.php?rest_route=%2Fwp%2Fv2%2Fmedia&parent=16"}],"curies":[{"name":"wp","href":"https:\/\/api.w.org\/{rel}","templated":true}]}}