{"id":14,"date":"2011-09-23T05:06:56","date_gmt":"2011-09-23T04:06:56","guid":{"rendered":"http:\/\/www.naturkosmetik-goerlitz.de\/?page_id=14"},"modified":"2014-06-17T15:45:25","modified_gmt":"2014-06-17T14:45:25","slug":"klangschalenmassage","status":"publish","type":"page","link":"https:\/\/www.naturkosmetik-goerlitz.de\/?page_id=14","title":{"rendered":"Klangschalenmassage"},"content":{"rendered":"<p>Innere Massage der K\u00f6rperzellen durch tibetische Klangschalen.Klangschalen werden auf den bekleideten K\u00f6rper gelegt und angeschlagen. Die entstehenden T\u00f6ne und Klangschwingungen durchdringen Ihren K\u00f6rper und erreichen jede Zelle. Blockaden und Verspannungen auf k\u00f6rperlicher und emotionaler Ebene k\u00f6nnen losgelassen werden, das Harmoniebestreben des K\u00f6rpers wird unterst\u00fctzt.Sie gelangen w\u00e4hrend der Klangschalenbehandlung in einen Zustand der Tiefenentspannung. Das hei\u00dft, der Kopf wird frei, der Geist findet Ruhe und die Atmung wird tief und ruhig. Als Folge k\u00f6nnen die Selbstheilungskr\u00e4fte mobilisiert werden und ein Gleichgewicht zwischen Geist, K\u00f6rper und Seele stellt sich ein. Ihr K\u00f6rper kann sich besser selbst regulieren und Sie erhalten, was Sie im Moment brauchen: Ruhe und guten Schlaf oder Motivation und Steigerung der Lebensfreude, Kraft f\u00fcr die Aktivit\u00e4ten des Lebens. Es gibt immer einen Ausgleich.<\/p>\n<p>Dauer: 60 min.<\/p>\n<p><a href=\"https:\/\/www.naturkosmetik-goerlitz.de\/wp-content\/uploads\/27241308\u00a9xs.jpg\" rel=\"lightbox[14]\"><img loading=\"lazy\" decoding=\"async\" class=\"alignnone wp-image-320 size-full\" src=\"https:\/\/www.naturkosmetik-goerlitz.de\/wp-content\/uploads\/27241308\u00a9xs.jpg\" alt=\"#27241308\u00a9xs\" width=\"350\" height=\"233\" srcset=\"https:\/\/www.naturkosmetik-goerlitz.de\/wp-content\/uploads\/27241308\u00a9xs.jpg 350w, https:\/\/www.naturkosmetik-goerlitz.de\/wp-content\/uploads\/27241308\u00a9xs-300x199.jpg 300w\" sizes=\"auto, (max-width: 350px) 100vw, 350px\" \/><\/a><\/p>","protected":false},"excerpt":{"rendered":"<p>Innere Massage der K\u00f6rperzellen durch tibetische Klangschalen.Klangschalen werden auf den bekleideten K\u00f6rper gelegt und angeschlagen. Die entstehenden T\u00f6ne und Klangschwingungen durchdringen Ihren K\u00f6rper und erreichen jede Zelle. Blockaden und Verspannungen auf k\u00f6rperlicher und emotionaler Ebene k\u00f6nnen losgelassen werden, das Harmoniebestreben des K\u00f6rpers wird unterst\u00fctzt.Sie gelangen w\u00e4hrend der Klangschalenbehandlung in einen Zustand der Tiefenentspannung. Das hei\u00dft, <a href=\"https:\/\/www.naturkosmetik-goerlitz.de\/?page_id=14\">Continue reading &#8594;<\/a><\/p>\n","protected":false},"author":3,"featured_media":0,"parent":9,"menu_order":0,"comment_status":"closed","ping_status":"closed","template":"","meta":{"footnotes":""},"class_list":["post-14","page","type-page","status-publish","hentry"],"_links":{"self":[{"href":"https:\/\/www.naturkosmetik-goerlitz.de\/index.php?rest_route=\/wp\/v2\/pages\/14","targetHints":{"allow":["GET"]}}],"collection":[{"href":"https:\/\/www.naturkosmetik-goerlitz.de\/index.php?rest_route=\/wp\/v2\/pages"}],"about":[{"href":"https:\/\/www.naturkosmetik-goerlitz.de\/index.php?rest_route=\/wp\/v2\/types\/page"}],"author":[{"embeddable":true,"href":"https:\/\/www.naturkosmetik-goerlitz.de\/index.php?rest_route=\/wp\/v2\/users\/3"}],"replies":[{"embeddable":true,"href":"https:\/\/www.naturkosmetik-goerlitz.de\/index.php?rest_route=%2Fwp%2Fv2%2Fcomments&post=14"}],"version-history":[{"count":5,"href":"https:\/\/www.naturkosmetik-goerlitz.de\/index.php?rest_route=\/wp\/v2\/pages\/14\/revisions"}],"predecessor-version":[{"id":321,"href":"https:\/\/www.naturkosmetik-goerlitz.de\/index.php?rest_route=\/wp\/v2\/pages\/14\/revisions\/321"}],"up":[{"embeddable":true,"href":"https:\/\/www.naturkosmetik-goerlitz.de\/index.php?rest_route=\/wp\/v2\/pages\/9"}],"wp:attachment":[{"href":"https:\/\/www.naturkosmetik-goerlitz.de\/index.php?rest_route=%2Fwp%2Fv2%2Fmedia&parent=14"}],"curies":[{"name":"wp","href":"https:\/\/api.w.org\/{rel}","templated":true}]}}