{"id":12,"date":"2011-09-23T05:06:34","date_gmt":"2011-09-23T04:06:34","guid":{"rendered":"http:\/\/www.naturkosmetik-goerlitz.de\/?page_id=12"},"modified":"2014-05-10T16:40:17","modified_gmt":"2014-05-10T15:40:17","slug":"exclusivbehandlung","status":"publish","type":"page","link":"https:\/\/www.naturkosmetik-goerlitz.de\/?page_id=12","title":{"rendered":"Exclusivbehandlung"},"content":{"rendered":"<p><strong>Exclusivbehandlung\u00a0 Edelsteinharmonie.<\/strong> Die individuelle naturkosmetische Behandlung f\u00fcr Gesicht und Dekollet\u00e9 wird mit einer achtsamen Edelsteinmassage erg\u00e4nzt, die Premiummassage f\u00fcr Haut und Sinne. Sanfte Stimulation mit warmen Edelsteinkugeln und -griffeln (z.B. Rosenquarz, Bergkristall, Sodalith) entspannt, harmonisiert, belebt die Sinne und steigert den Lymphfluss. W\u00e4hlen Sie dazu Ihr spezielles Edelstein\u00f6l individuell aus: hochwertiges warmes Bio-Jojoba\u00f6l mit der Essenz von Edelsteinen und \u00e4therischen \u00d6len. Diese Massage l\u00e4\u00dft Stress und Alltagssorgen von Ihnen abfallen \u2013 und schenkt Ihnen daf\u00fcr strahlende Sch\u00f6nheit! Dauer ca. 90 min.<\/p>","protected":false},"excerpt":{"rendered":"<p>Exclusivbehandlung\u00a0 Edelsteinharmonie. Die individuelle naturkosmetische Behandlung f\u00fcr Gesicht und Dekollet\u00e9 wird mit einer achtsamen Edelsteinmassage erg\u00e4nzt, die Premiummassage f\u00fcr Haut und Sinne. Sanfte Stimulation mit warmen Edelsteinkugeln und -griffeln (z.B. Rosenquarz, Bergkristall, Sodalith) entspannt, harmonisiert, belebt die Sinne und steigert den Lymphfluss. W\u00e4hlen Sie dazu Ihr spezielles Edelstein\u00f6l individuell aus: hochwertiges warmes Bio-Jojoba\u00f6l mit der <a href=\"https:\/\/www.naturkosmetik-goerlitz.de\/?page_id=12\">Continue reading &#8594;<\/a><\/p>\n","protected":false},"author":3,"featured_media":0,"parent":9,"menu_order":0,"comment_status":"closed","ping_status":"closed","template":"","meta":{"footnotes":""},"class_list":["post-12","page","type-page","status-publish","hentry"],"_links":{"self":[{"href":"https:\/\/www.naturkosmetik-goerlitz.de\/index.php?rest_route=\/wp\/v2\/pages\/12","targetHints":{"allow":["GET"]}}],"collection":[{"href":"https:\/\/www.naturkosmetik-goerlitz.de\/index.php?rest_route=\/wp\/v2\/pages"}],"about":[{"href":"https:\/\/www.naturkosmetik-goerlitz.de\/index.php?rest_route=\/wp\/v2\/types\/page"}],"author":[{"embeddable":true,"href":"https:\/\/www.naturkosmetik-goerlitz.de\/index.php?rest_route=\/wp\/v2\/users\/3"}],"replies":[{"embeddable":true,"href":"https:\/\/www.naturkosmetik-goerlitz.de\/index.php?rest_route=%2Fwp%2Fv2%2Fcomments&post=12"}],"version-history":[{"count":4,"href":"https:\/\/www.naturkosmetik-goerlitz.de\/index.php?rest_route=\/wp\/v2\/pages\/12\/revisions"}],"predecessor-version":[{"id":57,"href":"https:\/\/www.naturkosmetik-goerlitz.de\/index.php?rest_route=\/wp\/v2\/pages\/12\/revisions\/57"}],"up":[{"embeddable":true,"href":"https:\/\/www.naturkosmetik-goerlitz.de\/index.php?rest_route=\/wp\/v2\/pages\/9"}],"wp:attachment":[{"href":"https:\/\/www.naturkosmetik-goerlitz.de\/index.php?rest_route=%2Fwp%2Fv2%2Fmedia&parent=12"}],"curies":[{"name":"wp","href":"https:\/\/api.w.org\/{rel}","templated":true}]}}