{"id":10,"date":"2011-09-23T05:06:12","date_gmt":"2011-09-23T04:06:12","guid":{"rendered":"http:\/\/www.naturkosmetik-goerlitz.de\/?page_id=10"},"modified":"2014-05-10T16:40:37","modified_gmt":"2014-05-10T15:40:37","slug":"naturkosmetik","status":"publish","type":"page","link":"https:\/\/www.naturkosmetik-goerlitz.de\/?page_id=10","title":{"rendered":"Naturkosmetik"},"content":{"rendered":"<p><strong>Naturkosmetische Behandlungen mit Martina Gebhardt Naturkosmetik. <\/strong><\/p>\n<p>Individuelle naturkosmetische Behandlung f\u00fcr Gesicht und Dekollet\u00e9.Hautdiagnose, Behandlung mit auf Ihre Hautbed\u00fcrfnisse abgestimmten Produkten: Reinigung, hei\u00dfe Kompressen, Peeling, Ausreinigen, Tonic, Korrektur der Augenbrauen, Lymphstimulation, individuell gemischte Packung, Tagespflege, nach Wunsch nat\u00fcrliches Make-up.<\/p>\n<p>Dauer ca. 60 min.<\/p>\n<p><strong>Individuelle naturkosmetische Verw\u00f6hnbehandlung f\u00fcr Gesicht und Dekollet\u00e9<\/strong><br \/>\nHautdiagnose, Behandlung mit auf Ihre Hautbed\u00fcrfnisse abgestimmten Produkten: Reinigung, hei\u00dfe Kompressen, Peeling, Ausreinigen, Tonic, Korrektur der Augenbrauen, Anwendung einer hochwertigen, reinen Samen\u00f6lkapsel, welche mittels entspannender Massage in die Haut gebracht wird, lockernde Nackenmassage, individuell gemischte Packung, Tagespflege, nach Wunsch nat\u00fcrliches Make-up.<\/p>\n<p>Dauer: ca. 90 min.<\/p>\n<p>Weitere Leistungen:<\/p>\n<p>F\u00e4rben der Wimpern und Augenbrauen<br \/>\n(incl. Augenpflegekompresse mit einem Auszug aus Augentrost, Kamille, Fenchel)<\/p>\n<p>Handmassage mit oder ohne Peeling<\/p>","protected":false},"excerpt":{"rendered":"<p>Naturkosmetische Behandlungen mit Martina Gebhardt Naturkosmetik. Individuelle naturkosmetische Behandlung f\u00fcr Gesicht und Dekollet\u00e9.Hautdiagnose, Behandlung mit auf Ihre Hautbed\u00fcrfnisse abgestimmten Produkten: Reinigung, hei\u00dfe Kompressen, Peeling, Ausreinigen, Tonic, Korrektur der Augenbrauen, Lymphstimulation, individuell gemischte Packung, Tagespflege, nach Wunsch nat\u00fcrliches Make-up. Dauer ca. 60 min. Individuelle naturkosmetische Verw\u00f6hnbehandlung f\u00fcr Gesicht und Dekollet\u00e9 Hautdiagnose, Behandlung mit auf Ihre Hautbed\u00fcrfnisse <a href=\"https:\/\/www.naturkosmetik-goerlitz.de\/?page_id=10\">Continue reading &#8594;<\/a><\/p>\n","protected":false},"author":3,"featured_media":0,"parent":9,"menu_order":0,"comment_status":"closed","ping_status":"closed","template":"","meta":{"footnotes":""},"class_list":["post-10","page","type-page","status-publish","hentry"],"_links":{"self":[{"href":"https:\/\/www.naturkosmetik-goerlitz.de\/index.php?rest_route=\/wp\/v2\/pages\/10","targetHints":{"allow":["GET"]}}],"collection":[{"href":"https:\/\/www.naturkosmetik-goerlitz.de\/index.php?rest_route=\/wp\/v2\/pages"}],"about":[{"href":"https:\/\/www.naturkosmetik-goerlitz.de\/index.php?rest_route=\/wp\/v2\/types\/page"}],"author":[{"embeddable":true,"href":"https:\/\/www.naturkosmetik-goerlitz.de\/index.php?rest_route=\/wp\/v2\/users\/3"}],"replies":[{"embeddable":true,"href":"https:\/\/www.naturkosmetik-goerlitz.de\/index.php?rest_route=%2Fwp%2Fv2%2Fcomments&post=10"}],"version-history":[{"count":4,"href":"https:\/\/www.naturkosmetik-goerlitz.de\/index.php?rest_route=\/wp\/v2\/pages\/10\/revisions"}],"predecessor-version":[{"id":242,"href":"https:\/\/www.naturkosmetik-goerlitz.de\/index.php?rest_route=\/wp\/v2\/pages\/10\/revisions\/242"}],"up":[{"embeddable":true,"href":"https:\/\/www.naturkosmetik-goerlitz.de\/index.php?rest_route=\/wp\/v2\/pages\/9"}],"wp:attachment":[{"href":"https:\/\/www.naturkosmetik-goerlitz.de\/index.php?rest_route=%2Fwp%2Fv2%2Fmedia&parent=10"}],"curies":[{"name":"wp","href":"https:\/\/api.w.org\/{rel}","templated":true}]}}